{"id":149,"date":"2015-09-03T21:16:08","date_gmt":"2015-09-03T19:16:08","guid":{"rendered":"http:\/\/cartini.de\/wp\/?page_id=149"},"modified":"2018-10-21T00:58:32","modified_gmt":"2018-10-20T22:58:32","slug":"haeufige-fragen","status":"publish","type":"page","link":"http:\/\/www.cartini.de\/wp\/?page_id=149","title":{"rendered":"H\u00e4ufige Fragen &#8211; FAQ"},"content":{"rendered":"<h1>FAQ &#8211; H\u00e4ufig gestellte Fragen<\/h1>\n                <div class=\"qe-faq-toggle\">\n                    <div class=\"qe-toggle-title\">\n                        <strong><i class=\"fa fa-plus-circle\"><\/i> Gebiete der Auftritte<\/strong>\n                    <\/div>\n                    <div class=\"qe-toggle-content\">\n                        <p>\u00dcberwiegend in Bayern und Baden W\u00fcrttemberg,<br \/>\naber auch in den \u00fcbrigen Bundesl\u00e4ndern<\/p>\n                    <\/div>\n                <\/div>\n                            <div class=\"qe-faq-toggle\">\n                    <div class=\"qe-toggle-title\">\n                        <strong><i class=\"fa fa-plus-circle\"><\/i> Vorbereitungszeit<\/strong>\n                    <\/div>\n                    <div class=\"qe-toggle-content\">\n                        <p><strong><\/strong>Vorbereitungszeit des Programms 1 Stunde<\/p>\n                    <\/div>\n                <\/div>\n                            <div class=\"qe-faq-toggle\">\n                    <div class=\"qe-toggle-title\">\n                        <strong><i class=\"fa fa-plus-circle\"><\/i> Audio-Equipment<\/strong>\n                    <\/div>\n                    <div class=\"qe-toggle-content\">\n                        <p>Verst\u00e4rkeranlage (Boxen, Mikrofon) vorhanden. Ihre Anlage vor Ort kann ebenso verwendet werden.<\/p>\n                    <\/div>\n                <\/div>\n                            <div class=\"qe-faq-toggle\">\n                    <div class=\"qe-toggle-title\">\n                        <strong><i class=\"fa fa-plus-circle\"><\/i> Referenzen<\/strong>\n                    <\/div>\n                    <div class=\"qe-toggle-content\">\n                        <ul>\n<li>2010 &#8211; 2012 <strong>Staatstheater N\u00fcrnberg<\/strong> Mitwirkung: &#8222;DIE REISE NACH REIMS&#8220; Oper von Gioacchino Rossini<\/li>\n<li>Teammitglied an der <strong>Kunstschule H\u00f6chstadt<\/strong> seit 2007<\/li>\n<li>Tricktechnischer Berater beim <strong>Landestheater Coburg<\/strong><\/li>\n<li>Mitglied im <strong>Magischen Zirkel<\/strong> von Deutschland<\/li>\n<li>Bekannt trotz Film und Fernsehen<\/li>\n<li>h\u00e4ufige\u00a0Re-Engagements\u00a0und <a href=\"http:\/\/cartini.de\/wp\/?page_id=75\">vieles mehr&#8230;<\/a><\/li>\n<\/ul>\n                    <\/div>\n                <\/div>\n                            <div class=\"qe-faq-toggle\">\n                    <div class=\"qe-toggle-title\">\n                        <strong><i class=\"fa fa-plus-circle\"><\/i> Raum f\u00fcr Vorbereitung<\/strong>\n                    <\/div>\n                    <div class=\"qe-toggle-content\">\n                        <p>Nebenzimmer, Garderobe<\/p>\n                    <\/div>\n                <\/div>\n                            <div class=\"qe-faq-toggle\">\n                    <div class=\"qe-toggle-title\">\n                        <strong><i class=\"fa fa-plus-circle\"><\/i> Reservierung<\/strong>\n                    <\/div>\n                    <div class=\"qe-toggle-content\">\n                        <p>Bitte rechtzeitig vornehmen!<\/p>\n                    <\/div>\n                <\/div>\n                            <div class=\"qe-faq-toggle\">\n                    <div class=\"qe-toggle-title\">\n                        <strong><i class=\"fa fa-plus-circle\"><\/i> Programm-Mix<\/strong>\n                    <\/div>\n                    <div class=\"qe-toggle-content\">\n                        <p>Mixen der Programme ist gerne m\u00f6glich (kein Mehrpreis)<\/p>\n                    <\/div>\n                <\/div>\n                            <div class=\"qe-faq-toggle\">\n                    <div class=\"qe-toggle-title\">\n                        <strong><i class=\"fa fa-plus-circle\"><\/i> Firmen- und Produktbezogene Zauberei<\/strong>\n                    <\/div>\n                    <div class=\"qe-toggle-content\">\n                        <p>Im begrenztem Umfang, nach Absprache m\u00f6glich<\/p>\n<p>&nbsp;<\/p>\n<p><a href=\"http:\/\/cartini.de\/wp\/wp-content\/uploads\/2015\/09\/RH5_20150105_8022.png\"><img loading=\"lazy\" decoding=\"async\" class=\"alignnone  wp-image-178\" src=\"http:\/\/cartini.de\/wp\/wp-content\/uploads\/2015\/09\/RH5_20150105_8022-300x300.png\" alt=\"Ihr Firmenname\" width=\"177\" height=\"177\" srcset=\"http:\/\/www.cartini.de\/wp\/wp-content\/uploads\/2015\/09\/RH5_20150105_8022-300x300.png 300w, http:\/\/www.cartini.de\/wp\/wp-content\/uploads\/2015\/09\/RH5_20150105_8022-150x150.png 150w, http:\/\/www.cartini.de\/wp\/wp-content\/uploads\/2015\/09\/RH5_20150105_8022.png 350w\" sizes=\"auto, (max-width: 177px) 100vw, 177px\" \/><\/a><\/p>\n                    <\/div>\n                <\/div>\n                            <div class=\"qe-faq-toggle\">\n                    <div class=\"qe-toggle-title\">\n                        <strong><i class=\"fa fa-plus-circle\"><\/i> Mikrofon<\/strong>\n                    <\/div>\n                    <div class=\"qe-toggle-content\">\n                        <p>Drahtlosmikrofon postalisch genehmigt vorhanden<\/p>\n                    <\/div>\n                <\/div>\n                            <div class=\"qe-faq-toggle\">\n                    <div class=\"qe-toggle-title\">\n                        <strong><i class=\"fa fa-plus-circle\"><\/i> Gage<\/strong>\n                    <\/div>\n                    <div class=\"qe-toggle-content\">\n                        <p>Sind Verhandlungssache und werden im Internet nicht preisgegeben<\/p>\n                    <\/div>\n                <\/div>\n                            <div class=\"qe-faq-toggle\">\n                    <div class=\"qe-toggle-title\">\n                        <strong><i class=\"fa fa-plus-circle\"><\/i> Fahrtkosten<\/strong>\n                    <\/div>\n                    <div class=\"qe-toggle-content\">\n                        <p>Werden im Radius von 25 km nicht berechnet<\/p>\n                    <\/div>\n                <\/div>\n                            <div class=\"qe-faq-toggle\">\n                    <div class=\"qe-toggle-title\">\n                        <strong><i class=\"fa fa-plus-circle\"><\/i> Ankunft des K\u00fcnstlers<\/strong>\n                    <\/div>\n                    <div class=\"qe-toggle-content\">\n                        <p>1 Stunde vor Auftrittsbeginn<\/p>\n                    <\/div>\n                <\/div>\n                            <div class=\"qe-faq-toggle\">\n                    <div class=\"qe-toggle-title\">\n                        <strong><i class=\"fa fa-plus-circle\"><\/i> Beginn des Programms<\/strong>\n                    <\/div>\n                    <div class=\"qe-toggle-content\">\n                        <p>Wird vom Veranstalter festgelegt<\/p>\n                    <\/div>\n                <\/div>\n                            <div class=\"qe-faq-toggle\">\n                    <div class=\"qe-toggle-title\">\n                        <strong><i class=\"fa fa-plus-circle\"><\/i> Auf- und Abbau<\/strong>\n                    <\/div>\n                    <div class=\"qe-toggle-content\">\n                        <p>Be- und Entladem\u00f6glichkeit muss vorhanden sein<br \/>\nAufbau vor Publikum: 2 Minuten<br \/>\nAbbau vor Publikum: 1 Minute<\/p>\n                    <\/div>\n                <\/div>\n                            <div class=\"qe-faq-toggle\">\n                    <div class=\"qe-toggle-title\">\n                        <strong><i class=\"fa fa-plus-circle\"><\/i> Platzbedarf<\/strong>\n                    <\/div>\n                    <div class=\"qe-toggle-content\">\n                        <p>Tanzfl\u00e4che, freie Ecke im Raum, Podium, B\u00fchne<\/p>\n<p>Optimal 4 x 2 m<\/p>\n                    <\/div>\n                <\/div>\n                            <div class=\"qe-faq-toggle\">\n                    <div class=\"qe-toggle-title\">\n                        <strong><i class=\"fa fa-plus-circle\"><\/i> Sonstiges<\/strong>\n                    <\/div>\n                    <div class=\"qe-toggle-content\">\n                        <p>Erweitertes F\u00fchrungszeugnis vorhanden<\/p>\n                    <\/div>\n                <\/div>\n            \n<p>&nbsp;<\/p>\n<p><!-- Gebiete der Auftritte \u00dcberwiegend in Bayern und Baden W\u00fcrttemberg, aber auch in den \u00fcbrigen Bundesl\u00e4ndern Vorbereitungszeit Vorbereitungszeit des Programms 1 Stunde Audio-Equipment Verst\u00e4rkeranlage (Boxen, Mikrofon) vorhanden Siegfried & Roy Privataudienz kurz vor dem Tigerunfall von Roy SiegfriedandCartiniandRoy Referenzen 2010 \u2013 2012 Staatstheater N\u00fcrnberg Mitwirkung: \u201eDIE REISE NACH REIMS\u201c Oper von Gioacchino Rossini Teammitglied an der Kunstschule H\u00f6chstadt seit 2007 Tricktechnischer Berater beim Landestheater Coburg Mitglied im Magischen Zirkel von Deutschland Bekannt trotz Film und Fernsehen h\u00e4ufige Re-Engagements und vieles mehr\u2026 Raum f\u00fcr Vorbereitung Nebenzimmer, Garderobe Reservierung Bitte rechtzeitig vornehmen! Programm-Mix Taubenrevue & Sprechprogramm wird gerne genommen (kein Mehrpreis) Firmen- und Produktbezogene Zauberei Im begrenztem Umfang, nach Absprache m\u00f6glich Ihr Firmenname Mikrofon Drahtlosmikrofon postalisch genehmigt vorhanden Gage Sind Verhandlungssache und werden im Internet nicht preisgegeben Fahrtkosten Werden im Radius von 25 km nicht berechnet Ankunft des K\u00fcnstlers 1 Stunde vor Auftrittsbeginn Beginn des Programms Wird vom Veranstalter festgelegt Auf- und Abbau Be- und Entladem\u00f6glichkeit muss vorhanden sein Aufbau vor Publikum: 2 Minuten Abbau vor Publikum: 1 Minute Platzbedarf Tanzfl\u00e4che, freie Ecke im Raum, Podium, B\u00fchne Optimal 4 x 2 m Sonstiges Erweitertes F\u00fchrungszeugnis vorhanden --><\/p>\n","protected":false},"excerpt":{"rendered":"<p>Gebiete der Auftritte\u00a0Vorbereitungszeit\u00a0Audio-Equipment\u00a0Tauben und Kaninchen\u00a0Siegfried &#038; Roy\u00a0Referenzen\u00a0Raum f\u00fcr Vorbereitung\u00a0Reservierung\u00a0Programm-Mix\u00a0Firmen- und Produktbezogene Zauberei\u00a0Mikrofon\u00a0Gage\u00a0Fahrtkosten\u00a0Ankunft des K\u00fcnstlers\u00a0Beginn des Programms\u00a0Auf- und Abbau\u00a0Platzbedarf Sonstiges<\/p>\n","protected":false},"author":1,"featured_media":0,"parent":0,"menu_order":0,"comment_status":"closed","ping_status":"closed","template":"","meta":{"footnotes":""},"class_list":["post-149","page","type-page","status-publish","czr-hentry"],"_links":{"self":[{"href":"http:\/\/www.cartini.de\/wp\/index.php?rest_route=\/wp\/v2\/pages\/149","targetHints":{"allow":["GET"]}}],"collection":[{"href":"http:\/\/www.cartini.de\/wp\/index.php?rest_route=\/wp\/v2\/pages"}],"about":[{"href":"http:\/\/www.cartini.de\/wp\/index.php?rest_route=\/wp\/v2\/types\/page"}],"author":[{"embeddable":true,"href":"http:\/\/www.cartini.de\/wp\/index.php?rest_route=\/wp\/v2\/users\/1"}],"replies":[{"embeddable":true,"href":"http:\/\/www.cartini.de\/wp\/index.php?rest_route=%2Fwp%2Fv2%2Fcomments&post=149"}],"version-history":[{"count":23,"href":"http:\/\/www.cartini.de\/wp\/index.php?rest_route=\/wp\/v2\/pages\/149\/revisions"}],"predecessor-version":[{"id":664,"href":"http:\/\/www.cartini.de\/wp\/index.php?rest_route=\/wp\/v2\/pages\/149\/revisions\/664"}],"wp:attachment":[{"href":"http:\/\/www.cartini.de\/wp\/index.php?rest_route=%2Fwp%2Fv2%2Fmedia&parent=149"}],"curies":[{"name":"wp","href":"https:\/\/api.w.org\/{rel}","templated":true}]}}